{"id":2,"date":"2016-05-10T03:48:21","date_gmt":"2016-05-10T03:48:21","guid":{"rendered":"http:\/\/a3band.de\/?page_id=2"},"modified":"2020-09-08T22:00:55","modified_gmt":"2020-09-08T22:00:55","slug":"sample-page","status":"publish","type":"page","link":"https:\/\/a3band.de\/","title":{"rendered":"\u00dcber uns"},"content":{"rendered":"<p>Akustische Musik, zuh\u00f6ren und mitsingen. Egal, zu welchem Anlass.<\/p>\n<p>Wir sind A3, wir spielen die Lieder, die Ihr h\u00f6ren wollt!<\/p>\n<p style=\"padding-left: 40px;\"><strong>Max Plagge &#8211; Gitarre &amp; Gesang<br \/>\n<\/strong>Max spielt schon seit 7 Jahren Gitarre. Egal ob ruhige, akustische Nummern oder lauter Rock. Der Wechsel zwischen gef\u00fchlsvoller Melodie und harten Riffs wechselt flie\u00dfend!<\/p>\n<p style=\"padding-left: 40px;\"><strong>Anna Plagge &#8211; Violine &amp; Gesang<br \/>\n<\/strong><span style=\"display: inline !important; float: none; background-color: #ffffff; color: #191e23; cursor: text; font-family: 'Noto Serif'; font-size: 16px; font-style: normal; font-variant: normal; font-weight: 400; letter-spacing: normal; orphans: 2; text-align: left; text-decoration: none; text-indent: 0px; text-transform: none; -webkit-text-stroke-width: 0px; white-space: normal; word-spacing: 0px;\">Anna macht schon Musik seit ihrem 4. <\/span><span style=\"float: none; background-color: #ffffff; color: #191e23; cursor: text; font-family: 'Noto Serif'; font-size: 16px; font-variant-ligatures: normal; font-variant-caps: normal; font-variant-east-asian: normal; font-variant-position: normal; font-weight: 400; letter-spacing: normal; orphans: 2; text-align: left; text-decoration: none; text-indent: 0px; text-transform: none; -webkit-text-stroke-width: 0px; white-space: normal; word-spacing: 0px; display: inline !important;\">Lebensjahr. Viel Gef\u00fchl und Talent pr\u00e4gen ihre Musik. Durch die Violine bringt sie die klassische Musik mit in die Band, spannt den Bogen (hihi Wortwitz) aber \u00fcber alle Musikrichtungen. Mit Anna kommt das Gitarrensolo dann manchmal einfach von der Violine.<\/span><\/p>\n<p style=\"padding-left: 40px;\"><strong>Hannes Siwhiskey &#8211; Gitarre &amp; Gesang<br \/>\n<\/strong><span style=\"display: inline !important; float: none; background-color: #ffffff; color: #191e23; cursor: text; font-family: 'Noto Serif'; font-size: 16px; font-style: normal; font-variant: normal; font-weight: 400; letter-spacing: normal; orphans: 2; text-align: left; text-decoration: none; text-indent: 0px; text-transform: none; -webkit-text-stroke-width: 0px; white-space: normal; word-spacing: 0px;\">Hannes spielt schon seit vierzehn Jahren Gitarre und werkelt an eigenen Songs. Er liebt die Abwechslung in der Band. Mal laut, mal leise. Mal zum zuh\u00f6ren und dann wieder gr\u00f6lt der ganze Saal. Sein Gitarrenspiel ist gepr\u00e4gt durch viel Melodie und Abwechslung<\/span><\/p>\n<h3><\/h3>\n<h3><strong>Repertoire<\/strong><\/h3>\n<p>The Beatles, Adele, Snow Patrol, Cat Stevens, Cranberries, John Denver, 4 Non Blondes, Leonard Cohen, Joan Osborne, Luxusl\u00e4rm, Eric Clapton, Robbie Williams, Nena, Westernhagen, Phil Collins u. v. m.<\/p>\n<p>Und alle Songs, die Ihr gerne h\u00f6ren m\u00f6chtet! Egal zu welchem Anlass, wir proben regelm\u00e4\u00dfig und freuen uns auf die Herausforderung, Euren Lieblingssong einzustudieren!<\/p>\n","protected":false},"excerpt":{"rendered":"<p>Akustische Musik, zuh\u00f6ren und mitsingen. Egal, zu welchem Anlass. Wir sind A3, wir spielen die Lieder, die Ihr h\u00f6ren wollt! Max Plagge &#8211; Gitarre &amp; Gesang Max spielt schon seit 7 Jahren Gitarre. Egal ob ruhige, akustische Nummern oder lauter Rock. Der Wechsel zwischen gef\u00fchlsvoller Melodie und harten Riffs wechselt flie\u00dfend! Anna Plagge &#8211; Violine [&hellip;]<\/p>\n","protected":false},"author":1,"featured_media":15,"parent":0,"menu_order":0,"comment_status":"closed","ping_status":"open","template":"","meta":{"footnotes":""},"class_list":["post-2","page","type-page","status-publish","has-post-thumbnail","hentry"],"_links":{"self":[{"href":"https:\/\/a3band.de\/index.php?rest_route=\/wp\/v2\/pages\/2","targetHints":{"allow":["GET"]}}],"collection":[{"href":"https:\/\/a3band.de\/index.php?rest_route=\/wp\/v2\/pages"}],"about":[{"href":"https:\/\/a3band.de\/index.php?rest_route=\/wp\/v2\/types\/page"}],"author":[{"embeddable":true,"href":"https:\/\/a3band.de\/index.php?rest_route=\/wp\/v2\/users\/1"}],"replies":[{"embeddable":true,"href":"https:\/\/a3band.de\/index.php?rest_route=%2Fwp%2Fv2%2Fcomments&post=2"}],"version-history":[{"count":8,"href":"https:\/\/a3band.de\/index.php?rest_route=\/wp\/v2\/pages\/2\/revisions"}],"predecessor-version":[{"id":130,"href":"https:\/\/a3band.de\/index.php?rest_route=\/wp\/v2\/pages\/2\/revisions\/130"}],"wp:featuredmedia":[{"embeddable":true,"href":"https:\/\/a3band.de\/index.php?rest_route=\/wp\/v2\/media\/15"}],"wp:attachment":[{"href":"https:\/\/a3band.de\/index.php?rest_route=%2Fwp%2Fv2%2Fmedia&parent=2"}],"curies":[{"name":"wp","href":"https:\/\/api.w.org\/{rel}","templated":true}]}}